{"id":2873,"date":"2020-06-12T15:14:44","date_gmt":"2020-06-12T14:14:44","guid":{"rendered":"https:\/\/www.bullukian.com\/?page_id=2873"},"modified":"2020-06-29T15:39:14","modified_gmt":"2020-06-29T14:39:14","slug":"research-health","status":"publish","type":"page","link":"https:\/\/www.bullukian.com\/en\/research-health\/","title":{"rendered":"Research &#038; Health"},"content":{"rendered":"\t\t<div data-elementor-type=\"wp-page\" data-elementor-id=\"2873\" class=\"elementor elementor-2873 elementor-2164\" data-elementor-post-type=\"page\">\n\t\t\t\t\t\t<section class=\"elementor-section elementor-top-section elementor-element elementor-element-cef7259 elementor-section-boxed elementor-section-height-default elementor-section-height-default\" data-id=\"cef7259\" data-element_type=\"section\" data-e-type=\"section\" data-settings=\"{&quot;background_background&quot;:&quot;classic&quot;}\">\n\t\t\t\t\t\t<div class=\"elementor-container elementor-column-gap-default\">\n\t\t\t\t\t<div class=\"elementor-column elementor-col-100 elementor-top-column elementor-element elementor-element-39071dc\" data-id=\"39071dc\" data-element_type=\"column\" data-e-type=\"column\">\n\t\t\t<div class=\"elementor-widget-wrap elementor-element-populated\">\n\t\t\t\t\t\t<div class=\"elementor-element elementor-element-3f7270b elementor-widget elementor-widget-text-editor\" data-id=\"3f7270b\" data-element_type=\"widget\" data-e-type=\"widget\" data-widget_type=\"text-editor.default\">\n\t\t\t\t<div class=\"elementor-widget-container\">\n\t\t\t\t\t\t\t\t\t<p style=\"text-align: center;\">Since its creation, the Bullukian Foundation has supported cancer research, and more broadly applied medical research, in accordance with its founder\u2019s will.<\/p><p style=\"text-align: center;\">This support for cancer research has taken several aspects: direct or indirect participation (association with other patrons) in the funding of research laboratories on areas related to nutrition, prevention, support for the organization of symposia or days of studies, funding research work for young researchers, hosting foreign researchers, etc. During 15 years, the Foundation has welcomed and financially supported the network head of the Canc\u00e9rop\u00f4le Auvergne-Rh\u00f4ne-Alpes reuniting together sets of cancer research teams.<\/p><p style=\"text-align: center;\">In the context of applied medical research, the Foundation also supports loads of patient associations, more especially in the field of rare diseases. It has funded several conferences in the field of health crucial in France and abroad: on the role of water (Shanghai), on nutrition (Spain), and one on &#8220;environment and health&#8221;.<\/p><p style=\"text-align: center;\">It organizes every year, with the M\u00e9rieux Foundation and the Academy of Sciences, a symposium dedicated to the latest advances in health research.<\/p><p style=\"text-align: center;\">In order to intensify its action, the Bullukian Foundation will present in the coming months its new program and its new methods of intervention, always focused on cancer but also on &#8220;sustainable health for all&#8221;, with the primary concern of getting closer to the large public, who benefit from research, is an inexhaustible source of information, support its actions and is curious about the information on the focus of health.<\/p>\t\t\t\t\t\t\t\t<\/div>\n\t\t\t\t<\/div>\n\t\t\t\t\t<\/div>\n\t\t<\/div>\n\t\t\t\t\t<\/div>\n\t\t<\/section>\n\t\t\t\t<section class=\"elementor-section elementor-top-section elementor-element elementor-element-e7d0154 elementor-section-boxed elementor-section-height-default elementor-section-height-default\" data-id=\"e7d0154\" data-element_type=\"section\" data-e-type=\"section\">\n\t\t\t\t\t\t<div class=\"elementor-container elementor-column-gap-default\">\n\t\t\t\t\t<div class=\"elementor-column elementor-col-100 elementor-top-column elementor-element elementor-element-e577663\" data-id=\"e577663\" data-element_type=\"column\" data-e-type=\"column\">\n\t\t\t<div class=\"elementor-widget-wrap elementor-element-populated\">\n\t\t\t\t\t\t<div class=\"elementor-element elementor-element-15be08c zoom-bg elementor--h-position-center elementor--v-position-middle elementor-widget elementor-widget-slides\" data-id=\"15be08c\" data-element_type=\"widget\" data-e-type=\"widget\" data-settings=\"{&quot;navigation&quot;:&quot;none&quot;,&quot;transition&quot;:&quot;fade&quot;,&quot;transition_speed&quot;:500}\" data-widget_type=\"slides.default\">\n\t\t\t\t<div class=\"elementor-widget-container\">\n\t\t\t\t\t\t\t\t\t<div class=\"elementor-swiper\">\n\t\t\t\t\t<div class=\"elementor-slides-wrapper elementor-main-swiper swiper\" role=\"region\" aria-roledescription=\"carousel\" aria-label=\"Slides\" dir=\"ltr\" data-animation=\"\">\n\t\t\t\t<div class=\"swiper-wrapper elementor-slides\">\n\t\t\t\t\t\t\t\t\t\t<div class=\"elementor-repeater-item-532fce4 swiper-slide\" role=\"group\" aria-roledescription=\"slide\"><div class=\"swiper-slide-bg\" role=\"img\" aria-label=\"Mission Recherche &amp; Sant\u00e9 de la Fondation Bullukian\"><\/div><a class=\"swiper-slide-inner\" href=\"https:\/\/www.bullukian.com\/en\/research-health\/our-actions\/\"><div class=\"swiper-slide-contents\"><div class=\"elementor-slide-heading\">Our actions<\/div><\/div><\/a><\/div>\t\t\t\t<\/div>\n\t\t\t\t\t\t\t<\/div>\n\t\t\t\t<\/div>\n\t\t\t\t\t\t\t\t<\/div>\n\t\t\t\t<\/div>\n\t\t\t\t\t<\/div>\n\t\t<\/div>\n\t\t\t\t\t<\/div>\n\t\t<\/section>\n\t\t\t\t<\/div>\n\t\t","protected":false},"excerpt":{"rendered":"<p>Since its creation, the Bullukian Foundation has supported cancer research, and more broadly applied medical research, in accordance with its founder\u2019s will. This support for cancer research has taken several aspects: direct or indirect participation (association with other patrons) in the funding of research laboratories on areas related to nutrition, prevention, support for the organization [&hellip;]<\/p>\n","protected":false},"author":9,"featured_media":0,"parent":0,"menu_order":0,"comment_status":"closed","ping_status":"closed","template":"","meta":{"_acf_changed":false,"footnotes":""},"class_list":["post-2873","page","type-page","status-publish","hentry"],"acf":[],"yoast_head":"<!-- This site is optimized with the Yoast SEO plugin v27.4 - https:\/\/yoast.com\/product\/yoast-seo-wordpress\/ -->\n<title>Research &amp; Health - Fondation Bullukian<\/title>\n<meta name=\"description\" content=\"Since its creation, the Bullukian Foundation has supported cancer research, and more broadly applied medical research, in accordance with its founder\u2019s will.\" \/>\n<meta name=\"robots\" content=\"index, follow, max-snippet:-1, max-image-preview:large, max-video-preview:-1\" \/>\n<link rel=\"canonical\" href=\"https:\/\/www.bullukian.com\/en\/research-health\/\" \/>\n<meta property=\"og:locale\" content=\"en_US\" \/>\n<meta property=\"og:type\" content=\"article\" \/>\n<meta property=\"og:title\" content=\"Research &amp; Health - Fondation Bullukian\" \/>\n<meta property=\"og:description\" content=\"Since its creation, the Bullukian Foundation has supported cancer research, and more broadly applied medical research, in accordance with its founder\u2019s will.\" \/>\n<meta property=\"og:url\" content=\"https:\/\/www.bullukian.com\/en\/research-health\/\" \/>\n<meta property=\"og:site_name\" content=\"Fondation Bullukian\" \/>\n<meta property=\"article:modified_time\" content=\"2020-06-29T14:39:14+00:00\" \/>\n<meta name=\"twitter:card\" content=\"summary_large_image\" \/>\n<meta name=\"twitter:label1\" content=\"Est. reading time\" \/>\n\t<meta name=\"twitter:data1\" content=\"1 minute\" \/>\n<script type=\"application\/ld+json\" class=\"yoast-schema-graph\">{\"@context\":\"https:\\\/\\\/schema.org\",\"@graph\":[{\"@type\":\"WebPage\",\"@id\":\"https:\\\/\\\/www.bullukian.com\\\/en\\\/research-health\\\/\",\"url\":\"https:\\\/\\\/www.bullukian.com\\\/en\\\/research-health\\\/\",\"name\":\"Research & Health - Fondation Bullukian\",\"isPartOf\":{\"@id\":\"https:\\\/\\\/www.bullukian.com\\\/en\\\/#website\"},\"datePublished\":\"2020-06-12T14:14:44+00:00\",\"dateModified\":\"2020-06-29T14:39:14+00:00\",\"description\":\"Since its creation, the Bullukian Foundation has supported cancer research, and more broadly applied medical research, in accordance with its founder\u2019s will.\",\"breadcrumb\":{\"@id\":\"https:\\\/\\\/www.bullukian.com\\\/en\\\/research-health\\\/#breadcrumb\"},\"inLanguage\":\"en-US\",\"potentialAction\":[{\"@type\":\"ReadAction\",\"target\":[\"https:\\\/\\\/www.bullukian.com\\\/en\\\/research-health\\\/\"]}]},{\"@type\":\"BreadcrumbList\",\"@id\":\"https:\\\/\\\/www.bullukian.com\\\/en\\\/research-health\\\/#breadcrumb\",\"itemListElement\":[{\"@type\":\"ListItem\",\"position\":1,\"name\":\"Home\",\"item\":\"https:\\\/\\\/www.bullukian.com\\\/en\\\/\"},{\"@type\":\"ListItem\",\"position\":2,\"name\":\"Research &#038; Health\"}]},{\"@type\":\"WebSite\",\"@id\":\"https:\\\/\\\/www.bullukian.com\\\/en\\\/#website\",\"url\":\"https:\\\/\\\/www.bullukian.com\\\/en\\\/\",\"name\":\"Fondation Bullukian\",\"description\":\"Innovation, culture, solidarit\u00e9\",\"publisher\":{\"@id\":\"https:\\\/\\\/www.bullukian.com\\\/en\\\/#organization\"},\"potentialAction\":[{\"@type\":\"SearchAction\",\"target\":{\"@type\":\"EntryPoint\",\"urlTemplate\":\"https:\\\/\\\/www.bullukian.com\\\/en\\\/?s={search_term_string}\"},\"query-input\":{\"@type\":\"PropertyValueSpecification\",\"valueRequired\":true,\"valueName\":\"search_term_string\"}}],\"inLanguage\":\"en-US\"},{\"@type\":\"Organization\",\"@id\":\"https:\\\/\\\/www.bullukian.com\\\/en\\\/#organization\",\"name\":\"Fondation Bullukian\",\"url\":\"https:\\\/\\\/www.bullukian.com\\\/en\\\/\",\"logo\":{\"@type\":\"ImageObject\",\"inLanguage\":\"en-US\",\"@id\":\"https:\\\/\\\/www.bullukian.com\\\/en\\\/#\\\/schema\\\/logo\\\/image\\\/\",\"url\":\"https:\\\/\\\/www.bullukian.com\\\/wp-content\\\/uploads\\\/fondation-bullukian-logo.svg\",\"contentUrl\":\"https:\\\/\\\/www.bullukian.com\\\/wp-content\\\/uploads\\\/fondation-bullukian-logo.svg\",\"width\":159,\"height\":64,\"caption\":\"Fondation Bullukian\"},\"image\":{\"@id\":\"https:\\\/\\\/www.bullukian.com\\\/en\\\/#\\\/schema\\\/logo\\\/image\\\/\"}}]}<\/script>\n<!-- \/ Yoast SEO plugin. -->","yoast_head_json":{"title":"Research & Health - Fondation Bullukian","description":"Since its creation, the Bullukian Foundation has supported cancer research, and more broadly applied medical research, in accordance with its founder\u2019s will.","robots":{"index":"index","follow":"follow","max-snippet":"max-snippet:-1","max-image-preview":"max-image-preview:large","max-video-preview":"max-video-preview:-1"},"canonical":"https:\/\/www.bullukian.com\/en\/research-health\/","og_locale":"en_US","og_type":"article","og_title":"Research & Health - Fondation Bullukian","og_description":"Since its creation, the Bullukian Foundation has supported cancer research, and more broadly applied medical research, in accordance with its founder\u2019s will.","og_url":"https:\/\/www.bullukian.com\/en\/research-health\/","og_site_name":"Fondation Bullukian","article_modified_time":"2020-06-29T14:39:14+00:00","twitter_card":"summary_large_image","twitter_misc":{"Est. reading time":"1 minute"},"schema":{"@context":"https:\/\/schema.org","@graph":[{"@type":"WebPage","@id":"https:\/\/www.bullukian.com\/en\/research-health\/","url":"https:\/\/www.bullukian.com\/en\/research-health\/","name":"Research & Health - Fondation Bullukian","isPartOf":{"@id":"https:\/\/www.bullukian.com\/en\/#website"},"datePublished":"2020-06-12T14:14:44+00:00","dateModified":"2020-06-29T14:39:14+00:00","description":"Since its creation, the Bullukian Foundation has supported cancer research, and more broadly applied medical research, in accordance with its founder\u2019s will.","breadcrumb":{"@id":"https:\/\/www.bullukian.com\/en\/research-health\/#breadcrumb"},"inLanguage":"en-US","potentialAction":[{"@type":"ReadAction","target":["https:\/\/www.bullukian.com\/en\/research-health\/"]}]},{"@type":"BreadcrumbList","@id":"https:\/\/www.bullukian.com\/en\/research-health\/#breadcrumb","itemListElement":[{"@type":"ListItem","position":1,"name":"Home","item":"https:\/\/www.bullukian.com\/en\/"},{"@type":"ListItem","position":2,"name":"Research &#038; Health"}]},{"@type":"WebSite","@id":"https:\/\/www.bullukian.com\/en\/#website","url":"https:\/\/www.bullukian.com\/en\/","name":"Fondation Bullukian","description":"Innovation, culture, solidarit\u00e9","publisher":{"@id":"https:\/\/www.bullukian.com\/en\/#organization"},"potentialAction":[{"@type":"SearchAction","target":{"@type":"EntryPoint","urlTemplate":"https:\/\/www.bullukian.com\/en\/?s={search_term_string}"},"query-input":{"@type":"PropertyValueSpecification","valueRequired":true,"valueName":"search_term_string"}}],"inLanguage":"en-US"},{"@type":"Organization","@id":"https:\/\/www.bullukian.com\/en\/#organization","name":"Fondation Bullukian","url":"https:\/\/www.bullukian.com\/en\/","logo":{"@type":"ImageObject","inLanguage":"en-US","@id":"https:\/\/www.bullukian.com\/en\/#\/schema\/logo\/image\/","url":"https:\/\/www.bullukian.com\/wp-content\/uploads\/fondation-bullukian-logo.svg","contentUrl":"https:\/\/www.bullukian.com\/wp-content\/uploads\/fondation-bullukian-logo.svg","width":159,"height":64,"caption":"Fondation Bullukian"},"image":{"@id":"https:\/\/www.bullukian.com\/en\/#\/schema\/logo\/image\/"}}]}},"_links":{"self":[{"href":"https:\/\/www.bullukian.com\/en\/wp-json\/wp\/v2\/pages\/2873","targetHints":{"allow":["GET"]}}],"collection":[{"href":"https:\/\/www.bullukian.com\/en\/wp-json\/wp\/v2\/pages"}],"about":[{"href":"https:\/\/www.bullukian.com\/en\/wp-json\/wp\/v2\/types\/page"}],"author":[{"embeddable":true,"href":"https:\/\/www.bullukian.com\/en\/wp-json\/wp\/v2\/users\/9"}],"replies":[{"embeddable":true,"href":"https:\/\/www.bullukian.com\/en\/wp-json\/wp\/v2\/comments?post=2873"}],"version-history":[{"count":10,"href":"https:\/\/www.bullukian.com\/en\/wp-json\/wp\/v2\/pages\/2873\/revisions"}],"predecessor-version":[{"id":4096,"href":"https:\/\/www.bullukian.com\/en\/wp-json\/wp\/v2\/pages\/2873\/revisions\/4096"}],"wp:attachment":[{"href":"https:\/\/www.bullukian.com\/en\/wp-json\/wp\/v2\/media?parent=2873"}],"curies":[{"name":"wp","href":"https:\/\/api.w.org\/{rel}","templated":true}]}}