{"id":2737,"date":"2020-06-12T08:54:32","date_gmt":"2020-06-12T07:54:32","guid":{"rendered":"https:\/\/www.bullukian.com\/?page_id=2737"},"modified":"2026-04-02T11:17:15","modified_gmt":"2026-04-02T10:17:15","slug":"collaborations-sponsorship","status":"publish","type":"page","link":"https:\/\/www.bullukian.com\/en\/fondation-bullukian\/collaborations-sponsorship\/","title":{"rendered":"Collaborations &#038; Sponsorship"},"content":{"rendered":"\t\t<div data-elementor-type=\"wp-page\" data-elementor-id=\"2737\" class=\"elementor elementor-2737 elementor-122\" data-elementor-post-type=\"page\">\n\t\t\t\t\t\t<section class=\"elementor-section elementor-top-section elementor-element elementor-element-c225f57 elementor-section-boxed elementor-section-height-default elementor-section-height-default\" data-id=\"c225f57\" data-element_type=\"section\" data-e-type=\"section\" data-settings=\"{&quot;background_background&quot;:&quot;classic&quot;}\">\n\t\t\t\t\t\t<div class=\"elementor-container elementor-column-gap-default\">\n\t\t\t\t\t<div class=\"elementor-column elementor-col-100 elementor-top-column elementor-element elementor-element-0e5ca02\" data-id=\"0e5ca02\" data-element_type=\"column\" data-e-type=\"column\">\n\t\t\t<div class=\"elementor-widget-wrap elementor-element-populated\">\n\t\t\t\t\t\t<div class=\"elementor-element elementor-element-cfda0ce elementor-widget elementor-widget-text-editor\" data-id=\"cfda0ce\" data-element_type=\"widget\" data-e-type=\"widget\" data-widget_type=\"text-editor.default\">\n\t\t\t\t<div class=\"elementor-widget-container\">\n\t\t\t\t\t\t\t\t\t<p style=\"text-align: center;\">True to the will of its creator and in accordance with its recognition of public utility, the Bullukian Foundation acts, alone or in partnership, with individuals, businesses, and associations, in favor of project of general interest.<\/p><p style=\"text-align: center;\">In its fields of action, the Foundation brings its experience, its know-how, and its team\u2019s advice to the associations, as well as to sheltered foundations it supports, in order to contribute to the realization of their projects.<\/p><p style=\"text-align: center;\">Our commitment and our expertise near to these projects allow us to mobilize many actors or to respond to their request by real actions, which you can participate by contributing your ideas, your skills, and your resources, as partner or patron.<\/p><p style=\"text-align: center;\">You can, by committing alongside us and by benefiting from our service, dedicate your donations and legacies to general interest actions of your choice, carry out in the fields that are ours.<\/p><p style=\"text-align: center;\">For the organization of your events at the Bullukian Foundation, the privatization is also possible. The art center, a vast 1 300 m<sup>2<\/sup> complex, offers endless possibilities to make each of your events an exceptional experience in a unique and privileged setting. Each partnership is considered in close collaboration with our team.<\/p>\t\t\t\t\t\t\t\t<\/div>\n\t\t\t\t<\/div>\n\t\t\t\t\t<\/div>\n\t\t<\/div>\n\t\t\t\t\t<\/div>\n\t\t<\/section>\n\t\t\t\t<section class=\"elementor-section elementor-top-section elementor-element elementor-element-8aa4262 elementor-section-stretched elementor-section-boxed elementor-section-height-default elementor-section-height-default\" data-id=\"8aa4262\" data-element_type=\"section\" data-e-type=\"section\" data-settings=\"{&quot;stretch_section&quot;:&quot;section-stretched&quot;,&quot;background_background&quot;:&quot;classic&quot;}\">\n\t\t\t\t\t\t<div class=\"elementor-container elementor-column-gap-default\">\n\t\t\t\t\t<div class=\"elementor-column elementor-col-100 elementor-top-column elementor-element elementor-element-ad309d5\" data-id=\"ad309d5\" data-element_type=\"column\" data-e-type=\"column\">\n\t\t\t<div class=\"elementor-widget-wrap elementor-element-populated\">\n\t\t\t\t\t\t<div class=\"elementor-element elementor-element-f2db04b elementor-widget elementor-widget-text-editor\" data-id=\"f2db04b\" data-element_type=\"widget\" data-e-type=\"widget\" data-widget_type=\"text-editor.default\">\n\t\t\t\t<div class=\"elementor-widget-container\">\n\t\t\t\t\t\t\t\t\t<p style=\"text-align: center;\"><a href=\"mailto:partenariat@bullukian.com\"><span style=\"text-decoration: underline;\">Contact us<\/span><\/a><\/p>\t\t\t\t\t\t\t\t<\/div>\n\t\t\t\t<\/div>\n\t\t\t\t\t<\/div>\n\t\t<\/div>\n\t\t\t\t\t<\/div>\n\t\t<\/section>\n\t\t\t\t<section class=\"elementor-section elementor-top-section elementor-element elementor-element-f8a9e82 elementor-section-boxed elementor-section-height-default elementor-section-height-default\" data-id=\"f8a9e82\" data-element_type=\"section\" data-e-type=\"section\" data-settings=\"{&quot;background_background&quot;:&quot;classic&quot;}\">\n\t\t\t\t\t\t<div class=\"elementor-container elementor-column-gap-default\">\n\t\t\t\t\t<div class=\"elementor-column elementor-col-50 elementor-top-column elementor-element elementor-element-23cb835\" data-id=\"23cb835\" data-element_type=\"column\" data-e-type=\"column\">\n\t\t\t<div class=\"elementor-widget-wrap elementor-element-populated\">\n\t\t\t\t\t\t<div class=\"elementor-element elementor-element-730e4d1 elementor-align-right elementor-mobile-align-center elementor-widget elementor-widget-button\" data-id=\"730e4d1\" data-element_type=\"widget\" data-e-type=\"widget\" data-widget_type=\"button.default\">\n\t\t\t\t<div class=\"elementor-widget-container\">\n\t\t\t\t\t\t\t\t\t<div class=\"elementor-button-wrapper\">\n\t\t\t\t\t<a class=\"elementor-button elementor-button-link elementor-size-sm\" href=\"https:\/\/www.bullukian.com\/wp-content\/uploads\/Brochure_evenements_FLNB-1.pdf\" target=\"_blank\">\n\t\t\t\t\t\t<span class=\"elementor-button-content-wrapper\">\n\t\t\t\t\t\t<span class=\"elementor-button-icon\">\n\t\t\t\t<svg xmlns=\"http:\/\/www.w3.org\/2000\/svg\" xmlns:xlink=\"http:\/\/www.w3.org\/1999\/xlink\" id=\"Calque_1\" x=\"0px\" y=\"0px\" viewBox=\"0 0 18 27\" style=\"enable-background:new 0 0 18 27;\" xml:space=\"preserve\"> <style type=\"text\/css\"> .st0{fill:none;stroke:#5CAE9C;stroke-width:2;stroke-linecap:round;stroke-miterlimit:10;} <\/style> <g> <polyline class=\"st0\" points=\"2,13 9,18 16,13 \"><\/polyline> <line class=\"st0\" x1=\"9\" y1=\"2\" x2=\"9\" y2=\"18\"><\/line> <line class=\"st0\" x1=\"2\" y1=\"25\" x2=\"16\" y2=\"25\"><\/line> <\/g> <\/svg>\t\t\t<\/span>\n\t\t\t\t\t\t\t\t\t<span class=\"elementor-button-text\">Presentation<\/span>\n\t\t\t\t\t<\/span>\n\t\t\t\t\t<\/a>\n\t\t\t\t<\/div>\n\t\t\t\t\t\t\t\t<\/div>\n\t\t\t\t<\/div>\n\t\t\t\t\t<\/div>\n\t\t<\/div>\n\t\t\t\t<div class=\"elementor-column elementor-col-50 elementor-top-column elementor-element elementor-element-3ea5e7d\" data-id=\"3ea5e7d\" data-element_type=\"column\" data-e-type=\"column\">\n\t\t\t<div class=\"elementor-widget-wrap elementor-element-populated\">\n\t\t\t\t\t\t<div class=\"elementor-element elementor-element-5e81aac elementor-align-left elementor-mobile-align-center elementor-widget elementor-widget-button\" data-id=\"5e81aac\" data-element_type=\"widget\" data-e-type=\"widget\" data-widget_type=\"button.default\">\n\t\t\t\t<div class=\"elementor-widget-container\">\n\t\t\t\t\t\t\t\t\t<div class=\"elementor-button-wrapper\">\n\t\t\t\t\t<a class=\"elementor-button elementor-button-link elementor-size-sm\" href=\"https:\/\/www.bullukian.com\/wp-content\/uploads\/formulaire-don.pdf\" target=\"_blank\">\n\t\t\t\t\t\t<span class=\"elementor-button-content-wrapper\">\n\t\t\t\t\t\t<span class=\"elementor-button-icon\">\n\t\t\t\t<svg xmlns=\"http:\/\/www.w3.org\/2000\/svg\" xmlns:xlink=\"http:\/\/www.w3.org\/1999\/xlink\" id=\"Calque_1\" x=\"0px\" y=\"0px\" viewBox=\"0 0 18 27\" style=\"enable-background:new 0 0 18 27;\" xml:space=\"preserve\"> <style type=\"text\/css\"> .st0{fill:none;stroke:#5CAE9C;stroke-width:2;stroke-linecap:round;stroke-miterlimit:10;} <\/style> <g> <polyline class=\"st0\" points=\"2,13 9,18 16,13 \"><\/polyline> <line class=\"st0\" x1=\"9\" y1=\"2\" x2=\"9\" y2=\"18\"><\/line> <line class=\"st0\" x1=\"2\" y1=\"25\" x2=\"16\" y2=\"25\"><\/line> <\/g> <\/svg>\t\t\t<\/span>\n\t\t\t\t\t\t\t\t\t<span class=\"elementor-button-text\">Support us<\/span>\n\t\t\t\t\t<\/span>\n\t\t\t\t\t<\/a>\n\t\t\t\t<\/div>\n\t\t\t\t\t\t\t\t<\/div>\n\t\t\t\t<\/div>\n\t\t\t\t\t<\/div>\n\t\t<\/div>\n\t\t\t\t\t<\/div>\n\t\t<\/section>\n\t\t\t\t<section class=\"elementor-section elementor-top-section elementor-element elementor-element-78043fa elementor-section-boxed elementor-section-height-default elementor-section-height-default\" data-id=\"78043fa\" data-element_type=\"section\" data-e-type=\"section\">\n\t\t\t\t\t\t<div class=\"elementor-container elementor-column-gap-default\">\n\t\t\t\t\t<div class=\"elementor-column elementor-col-100 elementor-top-column elementor-element elementor-element-1ce18a8\" data-id=\"1ce18a8\" data-element_type=\"column\" data-e-type=\"column\">\n\t\t\t<div class=\"elementor-widget-wrap elementor-element-populated\">\n\t\t\t\t\t\t<div class=\"elementor-element elementor-element-97c621e gallery-random elementor-widget elementor-widget-gallery\" data-id=\"97c621e\" data-element_type=\"widget\" data-e-type=\"widget\" data-settings=\"{&quot;gallery_layout&quot;:&quot;masonry&quot;,&quot;columns&quot;:2,&quot;gap&quot;:{&quot;unit&quot;:&quot;px&quot;,&quot;size&quot;:140,&quot;sizes&quot;:[]},&quot;overlay_description&quot;:&quot;caption&quot;,&quot;lazyload&quot;:&quot;yes&quot;,&quot;columns_tablet&quot;:2,&quot;columns_mobile&quot;:1,&quot;gap_tablet&quot;:{&quot;unit&quot;:&quot;px&quot;,&quot;size&quot;:10,&quot;sizes&quot;:[]},&quot;gap_mobile&quot;:{&quot;unit&quot;:&quot;px&quot;,&quot;size&quot;:10,&quot;sizes&quot;:[]},&quot;content_hover_animation&quot;:&quot;fade-in&quot;}\" data-widget_type=\"gallery.default\">\n\t\t\t\t<div class=\"elementor-widget-container\">\n\t\t\t\t\t\t\t<div class=\"elementor-gallery__container\">\n\t\t\t\t\t\t\t<div class=\"e-gallery-item elementor-gallery-item elementor-animated-content\">\n\t\t\t\t\t<div class=\"e-gallery-image elementor-gallery-item__image\" data-thumbnail=\"https:\/\/www.bullukian.com\/wp-content\/uploads\/expo-vue.jpg\" data-width=\"560\" data-height=\"710\" aria-label=\"\" role=\"img\" ><\/div>\n\t\t\t\t\t\t\t\t\t\t\t\t\t\t\t<div class=\"elementor-gallery-item__content\">\n\t\t\t\t\t\t\t\t\t\t\t\t\t\t<div class=\"elementor-gallery-item__description\">\n\t\t\t\t\t\t\t\t\t\t\t\t\t\t\t\t\t\tGuided visit with entrepreneurs of the exhibition Anthropoc\u00e8ne by J\u00e9r\u00e9my Gob\u00e9, 2020. \u00a9 Fondation Bullukian\t\t\t\t\t\t\t\t<\/div>\n\t\t\t\t\t\t\t\t\t\t\t\t<\/div>\n\t\t\t\t\t\t\t\t\t<\/div>\n\t\t\t\t\t\t\t<div class=\"e-gallery-item elementor-gallery-item elementor-animated-content\">\n\t\t\t\t\t<div class=\"e-gallery-image elementor-gallery-item__image\" data-thumbnail=\"https:\/\/www.bullukian.com\/wp-content\/uploads\/expo.jpg\" data-width=\"460\" data-height=\"360\" aria-label=\"Concert Komots-Aslamazyan Borodine, 2019 \u00a9Fondation Bullukian\" role=\"img\" ><\/div>\n\t\t\t\t\t\t\t\t\t\t\t\t\t\t\t<div class=\"elementor-gallery-item__content\">\n\t\t\t\t\t\t\t\t\t\t\t\t\t\t<div class=\"elementor-gallery-item__description\">\n\t\t\t\t\t\t\t\t\t\t\t\t\t\t\t\t\t\tKomots-Aslamazyan Borodine concert played by Acad\u00e9mie Tisseurs de Sons quartet the, 2019. \u00a9 Fondation Bullukian\t\t\t\t\t\t\t\t<\/div>\n\t\t\t\t\t\t\t\t\t\t\t\t<\/div>\n\t\t\t\t\t\t\t\t\t<\/div>\n\t\t\t\t\t\t\t<div class=\"e-gallery-item elementor-gallery-item elementor-animated-content\">\n\t\t\t\t\t<div class=\"e-gallery-image elementor-gallery-item__image\" data-thumbnail=\"https:\/\/www.bullukian.com\/wp-content\/uploads\/expo-3.jpg\" data-width=\"460\" data-height=\"360\" aria-label=\"\" role=\"img\" ><\/div>\n\t\t\t\t\t\t\t\t\t\t\t\t\t\t\t<div class=\"elementor-gallery-item__content\">\n\t\t\t\t\t\t\t\t\t\t\t\t\t\t<div class=\"elementor-gallery-item__description\">\n\t\t\t\t\t\t\t\t\t\t\t\t\t\t\t\t\t\tCollaboration with Servas factory team of Saint-Gobain Weber company for the exhibition Anthropoc\u00e8ne by J\u00e9r\u00e9my Gob\u00e9, 2020. \u00a9 Fondation Bullukian\t\t\t\t\t\t\t\t<\/div>\n\t\t\t\t\t\t\t\t\t\t\t\t<\/div>\n\t\t\t\t\t\t\t\t\t<\/div>\n\t\t\t\t\t\t\t<div class=\"e-gallery-item elementor-gallery-item elementor-animated-content\">\n\t\t\t\t\t<div class=\"e-gallery-image elementor-gallery-item__image\" data-thumbnail=\"https:\/\/www.bullukian.com\/wp-content\/uploads\/expo2.jpg\" data-width=\"460\" data-height=\"360\" aria-label=\"\" role=\"img\" ><\/div>\n\t\t\t\t\t\t\t\t\t\t\t\t\t\t\t<div class=\"elementor-gallery-item__content\">\n\t\t\t\t\t\t\t\t\t\t\t\t\t\t<div class=\"elementor-gallery-item__description\">\n\t\t\t\t\t\t\t\t\t\t\t\t\t\t\t\t\t\t Reception organized by La Tribune, in the exhibitions\u2019 areas of the Bullukian Foundation, 2019. \u00a9 Fondation Bullukian\t\t\t\t\t\t\t\t<\/div>\n\t\t\t\t\t\t\t\t\t\t\t\t<\/div>\n\t\t\t\t\t\t\t\t\t<\/div>\n\t\t\t\t\t\t\t<div class=\"e-gallery-item elementor-gallery-item elementor-animated-content\">\n\t\t\t\t\t<div class=\"e-gallery-image elementor-gallery-item__image\" data-thumbnail=\"https:\/\/www.bullukian.com\/wp-content\/uploads\/expo-5.jpg\" data-width=\"460\" data-height=\"470\" aria-label=\"\" role=\"img\" ><\/div>\n\t\t\t\t\t\t\t\t\t\t\t\t\t\t\t<div class=\"elementor-gallery-item__content\">\n\t\t\t\t\t\t\t\t\t\t\t\t\t\t<div class=\"elementor-gallery-item__description\">\n\t\t\t\t\t\t\t\t\t\t\t\t\t\t\t\t\t\tCollaboration with Belladrinks company at Tutundjian Di Fabio  exhibition opening, 2019. \u00a9 Fondation Bullukian\t\t\t\t\t\t\t\t<\/div>\n\t\t\t\t\t\t\t\t\t\t\t\t<\/div>\n\t\t\t\t\t\t\t\t\t<\/div>\n\t\t\t\t\t\t\t<div class=\"e-gallery-item elementor-gallery-item elementor-animated-content\">\n\t\t\t\t\t<div class=\"e-gallery-image elementor-gallery-item__image\" data-thumbnail=\"https:\/\/www.bullukian.com\/wp-content\/uploads\/expo-4.jpg\" data-width=\"560\" data-height=\"560\" aria-label=\"\" role=\"img\" ><\/div>\n\t\t\t\t\t\t\t\t\t\t\t\t\t\t\t<div class=\"elementor-gallery-item__content\">\n\t\t\t\t\t\t\t\t\t\t\t\t\t\t<div class=\"elementor-gallery-item__description\">\n\t\t\t\t\t\t\t\t\t\t\t\t\t\t\t\t\t\tConcert pour une nouvelle for\u00eat by the artist Guillaume Barth, played by pianist Neus Estarellas at the exhibition opening, 2019. \u00a9 Fondation Bullukian\t\t\t\t\t\t\t\t<\/div>\n\t\t\t\t\t\t\t\t\t\t\t\t<\/div>\n\t\t\t\t\t\t\t\t\t<\/div>\n\t\t\t\t\t\t\t<div class=\"e-gallery-item elementor-gallery-item elementor-animated-content\">\n\t\t\t\t\t<div class=\"e-gallery-image elementor-gallery-item__image\" data-thumbnail=\"https:\/\/www.bullukian.com\/wp-content\/uploads\/Partenariat-Visite-artiste.jpg\" data-width=\"1417\" data-height=\"1063\" aria-label=\"\" role=\"img\" ><\/div>\n\t\t\t\t\t\t\t\t\t\t\t\t\t\t\t<div class=\"elementor-gallery-item__content\">\n\t\t\t\t\t\t\t\t\t\t\t\t\t\t<div class=\"elementor-gallery-item__description\">\n\t\t\t\t\t\t\t\t\t\t\t\t\t\t\t\t\t\tPrivate tour with the artist Lionel Sabatt\u00e9, 2020 \u00a9 Fondation Bullukian\t\t\t\t\t\t\t\t<\/div>\n\t\t\t\t\t\t\t\t\t\t\t\t<\/div>\n\t\t\t\t\t\t\t\t\t<\/div>\n\t\t\t\t\t<\/div>\n\t\t\t\t\t<\/div>\n\t\t\t\t<\/div>\n\t\t\t\t\t<\/div>\n\t\t<\/div>\n\t\t\t\t\t<\/div>\n\t\t<\/section>\n\t\t\t\t<section class=\"elementor-section elementor-top-section elementor-element elementor-element-7b90160 elementor-section-boxed elementor-section-height-default elementor-section-height-default\" data-id=\"7b90160\" data-element_type=\"section\" data-e-type=\"section\" data-settings=\"{&quot;background_background&quot;:&quot;classic&quot;}\">\n\t\t\t\t\t\t<div class=\"elementor-container elementor-column-gap-default\">\n\t\t\t\t\t<div class=\"elementor-column elementor-col-100 elementor-top-column elementor-element elementor-element-227b8fb\" data-id=\"227b8fb\" data-element_type=\"column\" data-e-type=\"column\">\n\t\t\t<div class=\"elementor-widget-wrap\">\n\t\t\t\t\t\t\t<\/div>\n\t\t<\/div>\n\t\t\t\t\t<\/div>\n\t\t<\/section>\n\t\t\t\t<\/div>\n\t\t","protected":false},"excerpt":{"rendered":"<p>True to the will of its creator and in accordance with its recognition of public utility, the Bullukian Foundation acts, alone or in partnership, with individuals, businesses, and associations, in favor of project of general interest. In its fields of action, the Foundation brings its experience, its know-how, and its team\u2019s advice to the associations, [&hellip;]<\/p>\n","protected":false},"author":9,"featured_media":0,"parent":2963,"menu_order":0,"comment_status":"closed","ping_status":"closed","template":"","meta":{"_acf_changed":false,"footnotes":""},"class_list":["post-2737","page","type-page","status-publish","hentry"],"acf":[],"yoast_head":"<!-- This site is optimized with the Yoast SEO plugin v27.4 - https:\/\/yoast.com\/product\/yoast-seo-wordpress\/ -->\n<title>Collaborations &amp; Sponsorship - Fondation Bullukian<\/title>\n<meta name=\"description\" content=\"By committing to our side, contribute to carrying out actions of general interest and benefit from our services for your patronage actions, donations, legacies or events.\" \/>\n<meta name=\"robots\" content=\"index, follow, max-snippet:-1, max-image-preview:large, max-video-preview:-1\" \/>\n<link rel=\"canonical\" href=\"https:\/\/www.bullukian.com\/en\/fondation-bullukian\/collaborations-sponsorship\/\" \/>\n<meta property=\"og:locale\" content=\"en_US\" \/>\n<meta property=\"og:type\" content=\"article\" \/>\n<meta property=\"og:title\" content=\"Collaborations &amp; Sponsorship - Fondation Bullukian\" \/>\n<meta property=\"og:description\" content=\"By committing to our side, contribute to carrying out actions of general interest and benefit from our services for your patronage actions, donations, legacies or events.\" \/>\n<meta property=\"og:url\" content=\"https:\/\/www.bullukian.com\/en\/fondation-bullukian\/collaborations-sponsorship\/\" \/>\n<meta property=\"og:site_name\" content=\"Fondation Bullukian\" \/>\n<meta property=\"article:modified_time\" content=\"2026-04-02T10:17:15+00:00\" \/>\n<meta name=\"twitter:card\" content=\"summary_large_image\" \/>\n<meta name=\"twitter:label1\" content=\"Est. reading time\" \/>\n\t<meta name=\"twitter:data1\" content=\"2 minutes\" \/>\n<script type=\"application\/ld+json\" class=\"yoast-schema-graph\">{\"@context\":\"https:\\\/\\\/schema.org\",\"@graph\":[{\"@type\":\"WebPage\",\"@id\":\"https:\\\/\\\/www.bullukian.com\\\/en\\\/fondation-bullukian\\\/collaborations-sponsorship\\\/\",\"url\":\"https:\\\/\\\/www.bullukian.com\\\/en\\\/fondation-bullukian\\\/collaborations-sponsorship\\\/\",\"name\":\"Collaborations & Sponsorship - Fondation Bullukian\",\"isPartOf\":{\"@id\":\"https:\\\/\\\/www.bullukian.com\\\/en\\\/#website\"},\"datePublished\":\"2020-06-12T07:54:32+00:00\",\"dateModified\":\"2026-04-02T10:17:15+00:00\",\"description\":\"By committing to our side, contribute to carrying out actions of general interest and benefit from our services for your patronage actions, donations, legacies or events.\",\"breadcrumb\":{\"@id\":\"https:\\\/\\\/www.bullukian.com\\\/en\\\/fondation-bullukian\\\/collaborations-sponsorship\\\/#breadcrumb\"},\"inLanguage\":\"en-US\",\"potentialAction\":[{\"@type\":\"ReadAction\",\"target\":[\"https:\\\/\\\/www.bullukian.com\\\/en\\\/fondation-bullukian\\\/collaborations-sponsorship\\\/\"]}]},{\"@type\":\"BreadcrumbList\",\"@id\":\"https:\\\/\\\/www.bullukian.com\\\/en\\\/fondation-bullukian\\\/collaborations-sponsorship\\\/#breadcrumb\",\"itemListElement\":[{\"@type\":\"ListItem\",\"position\":1,\"name\":\"Home\",\"item\":\"https:\\\/\\\/www.bullukian.com\\\/en\\\/\"},{\"@type\":\"ListItem\",\"position\":2,\"name\":\"Foundation\",\"item\":\"https:\\\/\\\/www.bullukian.com\\\/en\\\/\"},{\"@type\":\"ListItem\",\"position\":3,\"name\":\"Collaborations &#038; Sponsorship\"}]},{\"@type\":\"WebSite\",\"@id\":\"https:\\\/\\\/www.bullukian.com\\\/en\\\/#website\",\"url\":\"https:\\\/\\\/www.bullukian.com\\\/en\\\/\",\"name\":\"Fondation Bullukian\",\"description\":\"Innovation, culture, solidarit\u00e9\",\"publisher\":{\"@id\":\"https:\\\/\\\/www.bullukian.com\\\/en\\\/#organization\"},\"potentialAction\":[{\"@type\":\"SearchAction\",\"target\":{\"@type\":\"EntryPoint\",\"urlTemplate\":\"https:\\\/\\\/www.bullukian.com\\\/en\\\/?s={search_term_string}\"},\"query-input\":{\"@type\":\"PropertyValueSpecification\",\"valueRequired\":true,\"valueName\":\"search_term_string\"}}],\"inLanguage\":\"en-US\"},{\"@type\":\"Organization\",\"@id\":\"https:\\\/\\\/www.bullukian.com\\\/en\\\/#organization\",\"name\":\"Fondation Bullukian\",\"url\":\"https:\\\/\\\/www.bullukian.com\\\/en\\\/\",\"logo\":{\"@type\":\"ImageObject\",\"inLanguage\":\"en-US\",\"@id\":\"https:\\\/\\\/www.bullukian.com\\\/en\\\/#\\\/schema\\\/logo\\\/image\\\/\",\"url\":\"https:\\\/\\\/www.bullukian.com\\\/wp-content\\\/uploads\\\/fondation-bullukian-logo.svg\",\"contentUrl\":\"https:\\\/\\\/www.bullukian.com\\\/wp-content\\\/uploads\\\/fondation-bullukian-logo.svg\",\"width\":159,\"height\":64,\"caption\":\"Fondation Bullukian\"},\"image\":{\"@id\":\"https:\\\/\\\/www.bullukian.com\\\/en\\\/#\\\/schema\\\/logo\\\/image\\\/\"}}]}<\/script>\n<!-- \/ Yoast SEO plugin. -->","yoast_head_json":{"title":"Collaborations & Sponsorship - Fondation Bullukian","description":"By committing to our side, contribute to carrying out actions of general interest and benefit from our services for your patronage actions, donations, legacies or events.","robots":{"index":"index","follow":"follow","max-snippet":"max-snippet:-1","max-image-preview":"max-image-preview:large","max-video-preview":"max-video-preview:-1"},"canonical":"https:\/\/www.bullukian.com\/en\/fondation-bullukian\/collaborations-sponsorship\/","og_locale":"en_US","og_type":"article","og_title":"Collaborations & Sponsorship - Fondation Bullukian","og_description":"By committing to our side, contribute to carrying out actions of general interest and benefit from our services for your patronage actions, donations, legacies or events.","og_url":"https:\/\/www.bullukian.com\/en\/fondation-bullukian\/collaborations-sponsorship\/","og_site_name":"Fondation Bullukian","article_modified_time":"2026-04-02T10:17:15+00:00","twitter_card":"summary_large_image","twitter_misc":{"Est. reading time":"2 minutes"},"schema":{"@context":"https:\/\/schema.org","@graph":[{"@type":"WebPage","@id":"https:\/\/www.bullukian.com\/en\/fondation-bullukian\/collaborations-sponsorship\/","url":"https:\/\/www.bullukian.com\/en\/fondation-bullukian\/collaborations-sponsorship\/","name":"Collaborations & Sponsorship - Fondation Bullukian","isPartOf":{"@id":"https:\/\/www.bullukian.com\/en\/#website"},"datePublished":"2020-06-12T07:54:32+00:00","dateModified":"2026-04-02T10:17:15+00:00","description":"By committing to our side, contribute to carrying out actions of general interest and benefit from our services for your patronage actions, donations, legacies or events.","breadcrumb":{"@id":"https:\/\/www.bullukian.com\/en\/fondation-bullukian\/collaborations-sponsorship\/#breadcrumb"},"inLanguage":"en-US","potentialAction":[{"@type":"ReadAction","target":["https:\/\/www.bullukian.com\/en\/fondation-bullukian\/collaborations-sponsorship\/"]}]},{"@type":"BreadcrumbList","@id":"https:\/\/www.bullukian.com\/en\/fondation-bullukian\/collaborations-sponsorship\/#breadcrumb","itemListElement":[{"@type":"ListItem","position":1,"name":"Home","item":"https:\/\/www.bullukian.com\/en\/"},{"@type":"ListItem","position":2,"name":"Foundation","item":"https:\/\/www.bullukian.com\/en\/"},{"@type":"ListItem","position":3,"name":"Collaborations &#038; Sponsorship"}]},{"@type":"WebSite","@id":"https:\/\/www.bullukian.com\/en\/#website","url":"https:\/\/www.bullukian.com\/en\/","name":"Fondation Bullukian","description":"Innovation, culture, solidarit\u00e9","publisher":{"@id":"https:\/\/www.bullukian.com\/en\/#organization"},"potentialAction":[{"@type":"SearchAction","target":{"@type":"EntryPoint","urlTemplate":"https:\/\/www.bullukian.com\/en\/?s={search_term_string}"},"query-input":{"@type":"PropertyValueSpecification","valueRequired":true,"valueName":"search_term_string"}}],"inLanguage":"en-US"},{"@type":"Organization","@id":"https:\/\/www.bullukian.com\/en\/#organization","name":"Fondation Bullukian","url":"https:\/\/www.bullukian.com\/en\/","logo":{"@type":"ImageObject","inLanguage":"en-US","@id":"https:\/\/www.bullukian.com\/en\/#\/schema\/logo\/image\/","url":"https:\/\/www.bullukian.com\/wp-content\/uploads\/fondation-bullukian-logo.svg","contentUrl":"https:\/\/www.bullukian.com\/wp-content\/uploads\/fondation-bullukian-logo.svg","width":159,"height":64,"caption":"Fondation Bullukian"},"image":{"@id":"https:\/\/www.bullukian.com\/en\/#\/schema\/logo\/image\/"}}]}},"_links":{"self":[{"href":"https:\/\/www.bullukian.com\/en\/wp-json\/wp\/v2\/pages\/2737","targetHints":{"allow":["GET"]}}],"collection":[{"href":"https:\/\/www.bullukian.com\/en\/wp-json\/wp\/v2\/pages"}],"about":[{"href":"https:\/\/www.bullukian.com\/en\/wp-json\/wp\/v2\/types\/page"}],"author":[{"embeddable":true,"href":"https:\/\/www.bullukian.com\/en\/wp-json\/wp\/v2\/users\/9"}],"replies":[{"embeddable":true,"href":"https:\/\/www.bullukian.com\/en\/wp-json\/wp\/v2\/comments?post=2737"}],"version-history":[{"count":20,"href":"https:\/\/www.bullukian.com\/en\/wp-json\/wp\/v2\/pages\/2737\/revisions"}],"predecessor-version":[{"id":16569,"href":"https:\/\/www.bullukian.com\/en\/wp-json\/wp\/v2\/pages\/2737\/revisions\/16569"}],"up":[{"embeddable":true,"href":"https:\/\/www.bullukian.com\/en\/wp-json\/wp\/v2\/pages\/2963"}],"wp:attachment":[{"href":"https:\/\/www.bullukian.com\/en\/wp-json\/wp\/v2\/media?parent=2737"}],"curies":[{"name":"wp","href":"https:\/\/api.w.org\/{rel}","templated":true}]}}